{"id":139,"date":"2023-05-08T14:31:22","date_gmt":"2023-05-08T12:31:22","guid":{"rendered":"http:\/\/shipchandler.pol.com.pl\/?page_id=139"},"modified":"2024-06-27T08:44:31","modified_gmt":"2024-06-27T06:44:31","slug":"polityka-bezpieczenstwa-zywnosci","status":"publish","type":"page","link":"https:\/\/shipchandler.pol.com.pl\/?page_id=139","title":{"rendered":"Polityka Bezpiecze\u0144stwa \u017bywno\u015bci"},"content":{"rendered":"\n<p>Nadrz\u0119dnym celem dzia\u0142alno\u015bci Polskich Linii Oceanicznych S.A. POL-Supply Shipchandler (Al. Marsza\u0142ka Pi\u0142sudskiego 1, 81-406 Gdynia) jest ci\u0105g\u0142y rozw\u00f3j poprzez sta\u0142e zaspokajanie uzgodnionych potrzeb i wymaga\u0144 Klient\u00f3w w zakresie prze\u0142adunku, sk\u0142adowania oraz handlu artyku\u0142ami spo\u017cywczymi na potrzeby zaopatrzenia \u015brodk\u00f3w transportu morskiego. Realizacji powy\u017cszego celu s\u0142u\u017c\u0105:<\/p>\n\n\n\n<ul class=\"wp-block-list\">\n<li>sta\u0142a orientacja na potrzeby, oczekiwania i wymagania Klient\u00f3w,<\/li>\n\n\n\n<li>pozyskiwanie artyku\u0142\u00f3w spo\u017cywczych od renomowanych dostawc\u00f3w przyjmuj\u0105c odpowiedzialno\u015b\u0107 za ich jako\u015b\u0107 i bezpiecze\u0144stwo zdrowotne na potrzeby zaopatrzenia \u015brodk\u00f3w transportu morskiego,<\/li>\n\n\n\n<li>szkolenia podwy\u017cszaj\u0105ce kwalifikacje oraz \u015bwiadomo\u015b\u0107 pracownik\u00f3w ze szczeg\u00f3lnym uwzgl\u0119dnieniem bezpiecze\u0144stwa \u017cywno\u015bci,<\/li>\n\n\n\n<li>danie o komunikacj\u0119 wewn\u0119trzn\u0105 i zewn\u0119trzn\u0105,<\/li>\n\n\n\n<li>utrzymywanie i doskonalenie Systemu zgodnego z norm\u0105 ISO 22000:2018,<\/li>\n\n\n\n<li>monitorowanie i pomiary realizowanych proces\u00f3w,<\/li>\n\n\n\n<li>ocena funkcjonowania Systemu w trakcie audit\u00f3w wewn\u0119trznych, audit\u00f3w stron trzecich oraz przegl\u0105d\u00f3w zarz\u0105dzania nadzorowanych i wykonywanych przez Najwy\u017csze Kierownictwo.<\/li>\n<\/ul>\n\n\n\n<p>&nbsp;&nbsp;&nbsp;&nbsp;&nbsp;&nbsp;&nbsp;&nbsp;&nbsp;&nbsp;&nbsp; Polityka Bezpiecze\u0144stwa \u017bywno\u015bci stanowi cz\u0119\u015b\u0107 og\u00f3lnej strategii Sp\u00f3\u0142ki oraz tworzy ramy do ustanawiania i przegl\u0105du stopnia realizacji cel\u00f3w bezpiecze\u0144stwa \u017cywno\u015bci. Wszelkie dzia\u0142ania pracownik\u00f3w Sp\u00f3\u0142ki s\u0105 \u015bwiadome i zgodne z t\u0105 Polityk\u0105.<\/p>\n\n\n\n<p>&nbsp;&nbsp;&nbsp;&nbsp;&nbsp;&nbsp;&nbsp;&nbsp;&nbsp;&nbsp;&nbsp; Zarz\u0105d Sp\u00f3\u0142ki deklaruje, \u017ce przestrzega wymaga\u0144 prawnych w zakresie bezpiecze\u0144stwa \u017cywno\u015bci oraz postanowie\u0144 wdro\u017conego Systemu i ci\u0105gle go doskonali oraz deklaruje zapewnienie zasob\u00f3w niezb\u0119dnych do jego funkcjonowania. &nbsp;&nbsp;&nbsp;&nbsp;&nbsp;&nbsp;&nbsp;&nbsp;&nbsp;&nbsp;&nbsp; Polityka Bezpiecze\u0144stwa \u017bywno\u015bci jest og\u00f3lnie dost\u0119pna, zakomunikowana, zrozumia\u0142a, wdro\u017cona, utrzymywana i przegl\u0105dana na wszystkich szczeblach Sp\u00f3\u0142ki,<br>a tak\u017ce jest dost\u0119pna dla Klient\u00f3w oraz innych zainteresowanych stron. Polityka podlega przegl\u0105dowi i uaktualnieniu w zale\u017cno\u015bci od potrzeb.<\/p>\n\n\n<div class=\"wp-block-image\">\n<figure class=\"aligncenter size-large is-resized\"><img loading=\"lazy\" decoding=\"async\" width=\"1024\" height=\"782\" src=\"https:\/\/shipchandler.pol.com.pl\/wp-content\/uploads\/2023\/12\/ISO-22000-1-1024x782.jpg\" alt=\"\" class=\"wp-image-296\" style=\"width:480px;height:auto\" srcset=\"https:\/\/shipchandler.pol.com.pl\/wp-content\/uploads\/2023\/12\/ISO-22000-1-1024x782.jpg 1024w, https:\/\/shipchandler.pol.com.pl\/wp-content\/uploads\/2023\/12\/ISO-22000-1-300x229.jpg 300w, https:\/\/shipchandler.pol.com.pl\/wp-content\/uploads\/2023\/12\/ISO-22000-1-768x587.jpg 768w, https:\/\/shipchandler.pol.com.pl\/wp-content\/uploads\/2023\/12\/ISO-22000-1-1536x1173.jpg 1536w, https:\/\/shipchandler.pol.com.pl\/wp-content\/uploads\/2023\/12\/ISO-22000-1.jpg 1706w\" sizes=\"auto, (max-width: 767px) 89vw, (max-width: 1000px) 54vw, (max-width: 1071px) 543px, 580px\" \/><\/figure>\n<\/div>\n\n\n<p><a href=\"https:\/\/shipchandler.pol.com.pl\/wp-content\/uploads\/2024\/06\/PLO-nr-370_2005_03-z-podpisem.pdf\">Pobierz aktualny certyfikat<\/a><\/p>\n","protected":false},"excerpt":{"rendered":"<p>Nadrz\u0119dnym celem dzia\u0142alno\u015bci Polskich Linii Oceanicznych S.A. POL-Supply Shipchandler (Al. Marsza\u0142ka Pi\u0142sudskiego 1, 81-406 Gdynia) jest ci\u0105g\u0142y rozw\u00f3j poprzez sta\u0142e zaspokajanie uzgodnionych potrzeb i wymaga\u0144 Klient\u00f3w w zakresie prze\u0142adunku, sk\u0142adowania oraz handlu artyku\u0142ami spo\u017cywczymi na potrzeby zaopatrzenia \u015brodk\u00f3w transportu morskiego. Realizacji powy\u017cszego celu s\u0142u\u017c\u0105: &nbsp;&nbsp;&nbsp;&nbsp;&nbsp;&nbsp;&nbsp;&nbsp;&nbsp;&nbsp;&nbsp; Polityka Bezpiecze\u0144stwa \u017bywno\u015bci stanowi cz\u0119\u015b\u0107 og\u00f3lnej strategii Sp\u00f3\u0142ki oraz tworzy &hellip; <\/p>\n<p class=\"link-more\"><a href=\"https:\/\/shipchandler.pol.com.pl\/?page_id=139\" class=\"more-link\">Czytaj dalej<span class=\"screen-reader-text\"> \u201ePolityka Bezpiecze\u0144stwa \u017bywno\u015bci\u201d<\/span><\/a><\/p>\n","protected":false},"author":2,"featured_media":0,"parent":0,"menu_order":0,"comment_status":"closed","ping_status":"closed","template":"","meta":{"footnotes":""},"class_list":["post-139","page","type-page","status-publish","hentry"],"yoast_head":"<!-- This site is optimized with the Yoast SEO plugin v27.5 - https:\/\/yoast.com\/product\/yoast-seo-wordpress\/ -->\n<title>Polityka Bezpiecze\u0144stwa \u017bywno\u015bci - POL-Supply Shipchandler<\/title>\n<meta name=\"robots\" content=\"index, follow, max-snippet:-1, max-image-preview:large, max-video-preview:-1\" \/>\n<link rel=\"canonical\" href=\"https:\/\/shipchandler.pol.com.pl\/?page_id=139\" \/>\n<meta property=\"og:locale\" content=\"pl_PL\" \/>\n<meta property=\"og:type\" content=\"article\" \/>\n<meta property=\"og:title\" content=\"Polityka Bezpiecze\u0144stwa \u017bywno\u015bci - POL-Supply Shipchandler\" \/>\n<meta property=\"og:description\" content=\"Nadrz\u0119dnym celem dzia\u0142alno\u015bci Polskich Linii Oceanicznych S.A. POL-Supply Shipchandler (Al. Marsza\u0142ka Pi\u0142sudskiego 1, 81-406 Gdynia) jest ci\u0105g\u0142y rozw\u00f3j poprzez sta\u0142e zaspokajanie uzgodnionych potrzeb i wymaga\u0144 Klient\u00f3w w zakresie prze\u0142adunku, sk\u0142adowania oraz handlu artyku\u0142ami spo\u017cywczymi na potrzeby zaopatrzenia \u015brodk\u00f3w transportu morskiego. Realizacji powy\u017cszego celu s\u0142u\u017c\u0105: &nbsp;&nbsp;&nbsp;&nbsp;&nbsp;&nbsp;&nbsp;&nbsp;&nbsp;&nbsp;&nbsp; Polityka Bezpiecze\u0144stwa \u017bywno\u015bci stanowi cz\u0119\u015b\u0107 og\u00f3lnej strategii Sp\u00f3\u0142ki oraz tworzy &hellip; Czytaj dalej \u201ePolityka Bezpiecze\u0144stwa \u017bywno\u015bci\u201d\" \/>\n<meta property=\"og:url\" content=\"https:\/\/shipchandler.pol.com.pl\/?page_id=139\" \/>\n<meta property=\"og:site_name\" content=\"POL-Supply Shipchandler\" \/>\n<meta property=\"article:modified_time\" content=\"2024-06-27T06:44:31+00:00\" \/>\n<meta property=\"og:image\" content=\"https:\/\/shipchandler.pol.com.pl\/wp-content\/uploads\/2023\/12\/ISO-22000-1-1024x782.jpg\" \/>\n<meta name=\"twitter:card\" content=\"summary_large_image\" \/>\n<meta name=\"twitter:label1\" content=\"Szacowany czas czytania\" \/>\n\t<meta name=\"twitter:data1\" content=\"2 minuty\" \/>\n<script type=\"application\/ld+json\" class=\"yoast-schema-graph\">{\"@context\":\"https:\\\/\\\/schema.org\",\"@graph\":[{\"@type\":\"WebPage\",\"@id\":\"https:\\\/\\\/shipchandler.pol.com.pl\\\/?page_id=139\",\"url\":\"https:\\\/\\\/shipchandler.pol.com.pl\\\/?page_id=139\",\"name\":\"Polityka Bezpiecze\u0144stwa \u017bywno\u015bci - POL-Supply Shipchandler\",\"isPartOf\":{\"@id\":\"https:\\\/\\\/shipchandler.pol.com.pl\\\/#website\"},\"primaryImageOfPage\":{\"@id\":\"https:\\\/\\\/shipchandler.pol.com.pl\\\/?page_id=139#primaryimage\"},\"image\":{\"@id\":\"https:\\\/\\\/shipchandler.pol.com.pl\\\/?page_id=139#primaryimage\"},\"thumbnailUrl\":\"https:\\\/\\\/shipchandler.pol.com.pl\\\/wp-content\\\/uploads\\\/2023\\\/12\\\/ISO-22000-1-1024x782.jpg\",\"datePublished\":\"2023-05-08T12:31:22+00:00\",\"dateModified\":\"2024-06-27T06:44:31+00:00\",\"breadcrumb\":{\"@id\":\"https:\\\/\\\/shipchandler.pol.com.pl\\\/?page_id=139#breadcrumb\"},\"inLanguage\":\"pl-PL\",\"potentialAction\":[{\"@type\":\"ReadAction\",\"target\":[\"https:\\\/\\\/shipchandler.pol.com.pl\\\/?page_id=139\"]}]},{\"@type\":\"ImageObject\",\"inLanguage\":\"pl-PL\",\"@id\":\"https:\\\/\\\/shipchandler.pol.com.pl\\\/?page_id=139#primaryimage\",\"url\":\"https:\\\/\\\/shipchandler.pol.com.pl\\\/wp-content\\\/uploads\\\/2023\\\/12\\\/ISO-22000-1.jpg\",\"contentUrl\":\"https:\\\/\\\/shipchandler.pol.com.pl\\\/wp-content\\\/uploads\\\/2023\\\/12\\\/ISO-22000-1.jpg\",\"width\":1706,\"height\":1303},{\"@type\":\"BreadcrumbList\",\"@id\":\"https:\\\/\\\/shipchandler.pol.com.pl\\\/?page_id=139#breadcrumb\",\"itemListElement\":[{\"@type\":\"ListItem\",\"position\":1,\"name\":\"Home\",\"item\":\"https:\\\/\\\/shipchandler.pol.com.pl\\\/\"},{\"@type\":\"ListItem\",\"position\":2,\"name\":\"Polityka Bezpiecze\u0144stwa \u017bywno\u015bci\"}]},{\"@type\":\"WebSite\",\"@id\":\"https:\\\/\\\/shipchandler.pol.com.pl\\\/#website\",\"url\":\"https:\\\/\\\/shipchandler.pol.com.pl\\\/\",\"name\":\"POL-Supply Shipchandler\",\"description\":\"TW\u00d3J DOSTAWCA ZAOPATRZENIA NA STATKI\",\"publisher\":{\"@id\":\"https:\\\/\\\/shipchandler.pol.com.pl\\\/#organization\"},\"potentialAction\":[{\"@type\":\"SearchAction\",\"target\":{\"@type\":\"EntryPoint\",\"urlTemplate\":\"https:\\\/\\\/shipchandler.pol.com.pl\\\/?s={search_term_string}\"},\"query-input\":{\"@type\":\"PropertyValueSpecification\",\"valueRequired\":true,\"valueName\":\"search_term_string\"}}],\"inLanguage\":\"pl-PL\"},{\"@type\":\"Organization\",\"@id\":\"https:\\\/\\\/shipchandler.pol.com.pl\\\/#organization\",\"name\":\"POL-Supply Shipchandler\",\"url\":\"https:\\\/\\\/shipchandler.pol.com.pl\\\/\",\"logo\":{\"@type\":\"ImageObject\",\"inLanguage\":\"pl-PL\",\"@id\":\"https:\\\/\\\/shipchandler.pol.com.pl\\\/#\\\/schema\\\/logo\\\/image\\\/\",\"url\":\"https:\\\/\\\/shipchandler.pol.com.pl\\\/wp-content\\\/uploads\\\/2023\\\/05\\\/cropped-logo-bez-tla.png\",\"contentUrl\":\"https:\\\/\\\/shipchandler.pol.com.pl\\\/wp-content\\\/uploads\\\/2023\\\/05\\\/cropped-logo-bez-tla.png\",\"width\":122,\"height\":250,\"caption\":\"POL-Supply Shipchandler\"},\"image\":{\"@id\":\"https:\\\/\\\/shipchandler.pol.com.pl\\\/#\\\/schema\\\/logo\\\/image\\\/\"}}]}<\/script>\n<!-- \/ Yoast SEO plugin. -->","yoast_head_json":{"title":"Polityka Bezpiecze\u0144stwa \u017bywno\u015bci - POL-Supply Shipchandler","robots":{"index":"index","follow":"follow","max-snippet":"max-snippet:-1","max-image-preview":"max-image-preview:large","max-video-preview":"max-video-preview:-1"},"canonical":"https:\/\/shipchandler.pol.com.pl\/?page_id=139","og_locale":"pl_PL","og_type":"article","og_title":"Polityka Bezpiecze\u0144stwa \u017bywno\u015bci - POL-Supply Shipchandler","og_description":"Nadrz\u0119dnym celem dzia\u0142alno\u015bci Polskich Linii Oceanicznych S.A. POL-Supply Shipchandler (Al. Marsza\u0142ka Pi\u0142sudskiego 1, 81-406 Gdynia) jest ci\u0105g\u0142y rozw\u00f3j poprzez sta\u0142e zaspokajanie uzgodnionych potrzeb i wymaga\u0144 Klient\u00f3w w zakresie prze\u0142adunku, sk\u0142adowania oraz handlu artyku\u0142ami spo\u017cywczymi na potrzeby zaopatrzenia \u015brodk\u00f3w transportu morskiego. Realizacji powy\u017cszego celu s\u0142u\u017c\u0105: &nbsp;&nbsp;&nbsp;&nbsp;&nbsp;&nbsp;&nbsp;&nbsp;&nbsp;&nbsp;&nbsp; Polityka Bezpiecze\u0144stwa \u017bywno\u015bci stanowi cz\u0119\u015b\u0107 og\u00f3lnej strategii Sp\u00f3\u0142ki oraz tworzy &hellip; Czytaj dalej \u201ePolityka Bezpiecze\u0144stwa \u017bywno\u015bci\u201d","og_url":"https:\/\/shipchandler.pol.com.pl\/?page_id=139","og_site_name":"POL-Supply Shipchandler","article_modified_time":"2024-06-27T06:44:31+00:00","og_image":[{"url":"https:\/\/shipchandler.pol.com.pl\/wp-content\/uploads\/2023\/12\/ISO-22000-1-1024x782.jpg","type":"","width":"","height":""}],"twitter_card":"summary_large_image","twitter_misc":{"Szacowany czas czytania":"2 minuty"},"schema":{"@context":"https:\/\/schema.org","@graph":[{"@type":"WebPage","@id":"https:\/\/shipchandler.pol.com.pl\/?page_id=139","url":"https:\/\/shipchandler.pol.com.pl\/?page_id=139","name":"Polityka Bezpiecze\u0144stwa \u017bywno\u015bci - POL-Supply Shipchandler","isPartOf":{"@id":"https:\/\/shipchandler.pol.com.pl\/#website"},"primaryImageOfPage":{"@id":"https:\/\/shipchandler.pol.com.pl\/?page_id=139#primaryimage"},"image":{"@id":"https:\/\/shipchandler.pol.com.pl\/?page_id=139#primaryimage"},"thumbnailUrl":"https:\/\/shipchandler.pol.com.pl\/wp-content\/uploads\/2023\/12\/ISO-22000-1-1024x782.jpg","datePublished":"2023-05-08T12:31:22+00:00","dateModified":"2024-06-27T06:44:31+00:00","breadcrumb":{"@id":"https:\/\/shipchandler.pol.com.pl\/?page_id=139#breadcrumb"},"inLanguage":"pl-PL","potentialAction":[{"@type":"ReadAction","target":["https:\/\/shipchandler.pol.com.pl\/?page_id=139"]}]},{"@type":"ImageObject","inLanguage":"pl-PL","@id":"https:\/\/shipchandler.pol.com.pl\/?page_id=139#primaryimage","url":"https:\/\/shipchandler.pol.com.pl\/wp-content\/uploads\/2023\/12\/ISO-22000-1.jpg","contentUrl":"https:\/\/shipchandler.pol.com.pl\/wp-content\/uploads\/2023\/12\/ISO-22000-1.jpg","width":1706,"height":1303},{"@type":"BreadcrumbList","@id":"https:\/\/shipchandler.pol.com.pl\/?page_id=139#breadcrumb","itemListElement":[{"@type":"ListItem","position":1,"name":"Home","item":"https:\/\/shipchandler.pol.com.pl\/"},{"@type":"ListItem","position":2,"name":"Polityka Bezpiecze\u0144stwa \u017bywno\u015bci"}]},{"@type":"WebSite","@id":"https:\/\/shipchandler.pol.com.pl\/#website","url":"https:\/\/shipchandler.pol.com.pl\/","name":"POL-Supply Shipchandler","description":"TW\u00d3J DOSTAWCA ZAOPATRZENIA NA STATKI","publisher":{"@id":"https:\/\/shipchandler.pol.com.pl\/#organization"},"potentialAction":[{"@type":"SearchAction","target":{"@type":"EntryPoint","urlTemplate":"https:\/\/shipchandler.pol.com.pl\/?s={search_term_string}"},"query-input":{"@type":"PropertyValueSpecification","valueRequired":true,"valueName":"search_term_string"}}],"inLanguage":"pl-PL"},{"@type":"Organization","@id":"https:\/\/shipchandler.pol.com.pl\/#organization","name":"POL-Supply Shipchandler","url":"https:\/\/shipchandler.pol.com.pl\/","logo":{"@type":"ImageObject","inLanguage":"pl-PL","@id":"https:\/\/shipchandler.pol.com.pl\/#\/schema\/logo\/image\/","url":"https:\/\/shipchandler.pol.com.pl\/wp-content\/uploads\/2023\/05\/cropped-logo-bez-tla.png","contentUrl":"https:\/\/shipchandler.pol.com.pl\/wp-content\/uploads\/2023\/05\/cropped-logo-bez-tla.png","width":122,"height":250,"caption":"POL-Supply Shipchandler"},"image":{"@id":"https:\/\/shipchandler.pol.com.pl\/#\/schema\/logo\/image\/"}}]}},"_links":{"self":[{"href":"https:\/\/shipchandler.pol.com.pl\/index.php?rest_route=\/wp\/v2\/pages\/139","targetHints":{"allow":["GET"]}}],"collection":[{"href":"https:\/\/shipchandler.pol.com.pl\/index.php?rest_route=\/wp\/v2\/pages"}],"about":[{"href":"https:\/\/shipchandler.pol.com.pl\/index.php?rest_route=\/wp\/v2\/types\/page"}],"author":[{"embeddable":true,"href":"https:\/\/shipchandler.pol.com.pl\/index.php?rest_route=\/wp\/v2\/users\/2"}],"replies":[{"embeddable":true,"href":"https:\/\/shipchandler.pol.com.pl\/index.php?rest_route=%2Fwp%2Fv2%2Fcomments&post=139"}],"version-history":[{"count":5,"href":"https:\/\/shipchandler.pol.com.pl\/index.php?rest_route=\/wp\/v2\/pages\/139\/revisions"}],"predecessor-version":[{"id":318,"href":"https:\/\/shipchandler.pol.com.pl\/index.php?rest_route=\/wp\/v2\/pages\/139\/revisions\/318"}],"wp:attachment":[{"href":"https:\/\/shipchandler.pol.com.pl\/index.php?rest_route=%2Fwp%2Fv2%2Fmedia&parent=139"}],"curies":[{"name":"wp","href":"https:\/\/api.w.org\/{rel}","templated":true}]}}