{"id":22,"date":"2023-04-25T11:03:42","date_gmt":"2023-04-25T09:03:42","guid":{"rendered":"http:\/\/shipchandler.pol.com.pl\/?page_id=22"},"modified":"2023-05-23T10:52:37","modified_gmt":"2023-05-23T08:52:37","slug":"strona-glowna","status":"publish","type":"page","link":"https:\/\/shipchandler.pol.com.pl\/","title":{"rendered":"WITAJ!"},"content":{"rendered":"\n<p>Witamy na stronie dostawcy zaopatrzenia statk\u00f3w POL-Supply Shipchandler!  Je\u015bli potrzebujesz wiarygodnego i do\u015bwiadczonego partnera dla Twojej floty, dobrze trafi\u0142e\u015b. Zapewniamy zaopatrzenie statk\u00f3w zawsze na czas, zawsze w najlepszej jako\u015bci i zawsze w najlepszej cenie.<\/p>\n\n\n\n<figure class=\"wp-block-image size-full\"><img loading=\"lazy\" decoding=\"async\" width=\"1000\" height=\"600\" src=\"http:\/\/shipchandler.pol.com.pl\/wp-content\/uploads\/2023\/05\/ciezarowka-z-napisem-mala.jpg\" alt=\"\" class=\"wp-image-163\" srcset=\"https:\/\/shipchandler.pol.com.pl\/wp-content\/uploads\/2023\/05\/ciezarowka-z-napisem-mala.jpg 1000w, https:\/\/shipchandler.pol.com.pl\/wp-content\/uploads\/2023\/05\/ciezarowka-z-napisem-mala-300x180.jpg 300w, https:\/\/shipchandler.pol.com.pl\/wp-content\/uploads\/2023\/05\/ciezarowka-z-napisem-mala-768x461.jpg 768w\" sizes=\"auto, (max-width: 767px) 89vw, (max-width: 1000px) 54vw, (max-width: 1071px) 543px, 580px\" \/><\/figure>\n","protected":false},"excerpt":{"rendered":"<p>Witamy na stronie dostawcy zaopatrzenia statk\u00f3w POL-Supply Shipchandler! Je\u015bli potrzebujesz wiarygodnego i do\u015bwiadczonego partnera dla Twojej floty, dobrze trafi\u0142e\u015b. Zapewniamy zaopatrzenie statk\u00f3w zawsze na czas, zawsze w najlepszej jako\u015bci i zawsze w najlepszej cenie.<\/p>\n","protected":false},"author":2,"featured_media":152,"parent":0,"menu_order":0,"comment_status":"closed","ping_status":"closed","template":"","meta":{"footnotes":""},"class_list":["post-22","page","type-page","status-publish","has-post-thumbnail","hentry"],"yoast_head":"<!-- This site is optimized with the Yoast SEO plugin v27.3 - https:\/\/yoast.com\/product\/yoast-seo-wordpress\/ -->\n<title>WITAJ! - POL-Supply Shipchandler<\/title>\n<meta name=\"description\" content=\"Shipchandler Polskie Linie Oceaniczne SA. Obs\u0142ugujemy porty w Gdyni i Gda\u0144sku. Oferujemy dostaw\u0119 prowiantu, chemii oraz techniki.\" \/>\n<meta name=\"robots\" content=\"index, follow, max-snippet:-1, max-image-preview:large, max-video-preview:-1\" \/>\n<link rel=\"canonical\" href=\"https:\/\/shipchandler.pol.com.pl\/\" \/>\n<meta property=\"og:locale\" content=\"pl_PL\" \/>\n<meta property=\"og:type\" content=\"article\" \/>\n<meta property=\"og:title\" content=\"WITAJ! - POL-Supply Shipchandler\" \/>\n<meta property=\"og:description\" content=\"Shipchandler Polskie Linie Oceaniczne SA. Obs\u0142ugujemy porty w Gdyni i Gda\u0144sku. Oferujemy dostaw\u0119 prowiantu, chemii oraz techniki.\" \/>\n<meta property=\"og:url\" content=\"https:\/\/shipchandler.pol.com.pl\/\" \/>\n<meta property=\"og:site_name\" content=\"POL-Supply Shipchandler\" \/>\n<meta property=\"article:modified_time\" content=\"2023-05-23T08:52:37+00:00\" \/>\n<meta property=\"og:image\" content=\"https:\/\/shipchandler.pol.com.pl\/wp-content\/uploads\/2023\/05\/kulaziemska3.jpg\" \/>\n\t<meta property=\"og:image:width\" content=\"800\" \/>\n\t<meta property=\"og:image:height\" content=\"600\" \/>\n\t<meta property=\"og:image:type\" content=\"image\/jpeg\" \/>\n<meta name=\"twitter:card\" content=\"summary_large_image\" \/>\n<meta name=\"twitter:label1\" content=\"Szacowany czas czytania\" \/>\n\t<meta name=\"twitter:data1\" content=\"1 minuta\" \/>\n<script type=\"application\/ld+json\" class=\"yoast-schema-graph\">{\"@context\":\"https:\\\/\\\/schema.org\",\"@graph\":[{\"@type\":\"WebPage\",\"@id\":\"https:\\\/\\\/shipchandler.pol.com.pl\\\/\",\"url\":\"https:\\\/\\\/shipchandler.pol.com.pl\\\/\",\"name\":\"WITAJ! - POL-Supply Shipchandler\",\"isPartOf\":{\"@id\":\"https:\\\/\\\/shipchandler.pol.com.pl\\\/#website\"},\"primaryImageOfPage\":{\"@id\":\"https:\\\/\\\/shipchandler.pol.com.pl\\\/#primaryimage\"},\"image\":{\"@id\":\"https:\\\/\\\/shipchandler.pol.com.pl\\\/#primaryimage\"},\"thumbnailUrl\":\"https:\\\/\\\/shipchandler.pol.com.pl\\\/wp-content\\\/uploads\\\/2023\\\/05\\\/kulaziemska3.jpg\",\"datePublished\":\"2023-04-25T09:03:42+00:00\",\"dateModified\":\"2023-05-23T08:52:37+00:00\",\"description\":\"Shipchandler Polskie Linie Oceaniczne SA. Obs\u0142ugujemy porty w Gdyni i Gda\u0144sku. Oferujemy dostaw\u0119 prowiantu, chemii oraz techniki.\",\"breadcrumb\":{\"@id\":\"https:\\\/\\\/shipchandler.pol.com.pl\\\/#breadcrumb\"},\"inLanguage\":\"pl-PL\",\"potentialAction\":[{\"@type\":\"ReadAction\",\"target\":[\"https:\\\/\\\/shipchandler.pol.com.pl\\\/\"]}]},{\"@type\":\"ImageObject\",\"inLanguage\":\"pl-PL\",\"@id\":\"https:\\\/\\\/shipchandler.pol.com.pl\\\/#primaryimage\",\"url\":\"https:\\\/\\\/shipchandler.pol.com.pl\\\/wp-content\\\/uploads\\\/2023\\\/05\\\/kulaziemska3.jpg\",\"contentUrl\":\"https:\\\/\\\/shipchandler.pol.com.pl\\\/wp-content\\\/uploads\\\/2023\\\/05\\\/kulaziemska3.jpg\",\"width\":800,\"height\":600},{\"@type\":\"BreadcrumbList\",\"@id\":\"https:\\\/\\\/shipchandler.pol.com.pl\\\/#breadcrumb\",\"itemListElement\":[{\"@type\":\"ListItem\",\"position\":1,\"name\":\"Home\",\"item\":\"https:\\\/\\\/shipchandler.pol.com.pl\\\/\"},{\"@type\":\"ListItem\",\"position\":2,\"name\":\"WITAJ!\"}]},{\"@type\":\"WebSite\",\"@id\":\"https:\\\/\\\/shipchandler.pol.com.pl\\\/#website\",\"url\":\"https:\\\/\\\/shipchandler.pol.com.pl\\\/\",\"name\":\"POL-Supply Shipchandler\",\"description\":\"TW\u00d3J DOSTAWCA ZAOPATRZENIA NA STATKI\",\"publisher\":{\"@id\":\"https:\\\/\\\/shipchandler.pol.com.pl\\\/#organization\"},\"potentialAction\":[{\"@type\":\"SearchAction\",\"target\":{\"@type\":\"EntryPoint\",\"urlTemplate\":\"https:\\\/\\\/shipchandler.pol.com.pl\\\/?s={search_term_string}\"},\"query-input\":{\"@type\":\"PropertyValueSpecification\",\"valueRequired\":true,\"valueName\":\"search_term_string\"}}],\"inLanguage\":\"pl-PL\"},{\"@type\":\"Organization\",\"@id\":\"https:\\\/\\\/shipchandler.pol.com.pl\\\/#organization\",\"name\":\"POL-Supply Shipchandler\",\"url\":\"https:\\\/\\\/shipchandler.pol.com.pl\\\/\",\"logo\":{\"@type\":\"ImageObject\",\"inLanguage\":\"pl-PL\",\"@id\":\"https:\\\/\\\/shipchandler.pol.com.pl\\\/#\\\/schema\\\/logo\\\/image\\\/\",\"url\":\"https:\\\/\\\/shipchandler.pol.com.pl\\\/wp-content\\\/uploads\\\/2023\\\/05\\\/cropped-logo-bez-tla.png\",\"contentUrl\":\"https:\\\/\\\/shipchandler.pol.com.pl\\\/wp-content\\\/uploads\\\/2023\\\/05\\\/cropped-logo-bez-tla.png\",\"width\":122,\"height\":250,\"caption\":\"POL-Supply Shipchandler\"},\"image\":{\"@id\":\"https:\\\/\\\/shipchandler.pol.com.pl\\\/#\\\/schema\\\/logo\\\/image\\\/\"}}]}<\/script>\n<!-- \/ Yoast SEO plugin. -->","yoast_head_json":{"title":"WITAJ! - POL-Supply Shipchandler","description":"Shipchandler Polskie Linie Oceaniczne SA. Obs\u0142ugujemy porty w Gdyni i Gda\u0144sku. Oferujemy dostaw\u0119 prowiantu, chemii oraz techniki.","robots":{"index":"index","follow":"follow","max-snippet":"max-snippet:-1","max-image-preview":"max-image-preview:large","max-video-preview":"max-video-preview:-1"},"canonical":"https:\/\/shipchandler.pol.com.pl\/","og_locale":"pl_PL","og_type":"article","og_title":"WITAJ! - POL-Supply Shipchandler","og_description":"Shipchandler Polskie Linie Oceaniczne SA. Obs\u0142ugujemy porty w Gdyni i Gda\u0144sku. Oferujemy dostaw\u0119 prowiantu, chemii oraz techniki.","og_url":"https:\/\/shipchandler.pol.com.pl\/","og_site_name":"POL-Supply Shipchandler","article_modified_time":"2023-05-23T08:52:37+00:00","og_image":[{"width":800,"height":600,"url":"https:\/\/shipchandler.pol.com.pl\/wp-content\/uploads\/2023\/05\/kulaziemska3.jpg","type":"image\/jpeg"}],"twitter_card":"summary_large_image","twitter_misc":{"Szacowany czas czytania":"1 minuta"},"schema":{"@context":"https:\/\/schema.org","@graph":[{"@type":"WebPage","@id":"https:\/\/shipchandler.pol.com.pl\/","url":"https:\/\/shipchandler.pol.com.pl\/","name":"WITAJ! - POL-Supply Shipchandler","isPartOf":{"@id":"https:\/\/shipchandler.pol.com.pl\/#website"},"primaryImageOfPage":{"@id":"https:\/\/shipchandler.pol.com.pl\/#primaryimage"},"image":{"@id":"https:\/\/shipchandler.pol.com.pl\/#primaryimage"},"thumbnailUrl":"https:\/\/shipchandler.pol.com.pl\/wp-content\/uploads\/2023\/05\/kulaziemska3.jpg","datePublished":"2023-04-25T09:03:42+00:00","dateModified":"2023-05-23T08:52:37+00:00","description":"Shipchandler Polskie Linie Oceaniczne SA. Obs\u0142ugujemy porty w Gdyni i Gda\u0144sku. Oferujemy dostaw\u0119 prowiantu, chemii oraz techniki.","breadcrumb":{"@id":"https:\/\/shipchandler.pol.com.pl\/#breadcrumb"},"inLanguage":"pl-PL","potentialAction":[{"@type":"ReadAction","target":["https:\/\/shipchandler.pol.com.pl\/"]}]},{"@type":"ImageObject","inLanguage":"pl-PL","@id":"https:\/\/shipchandler.pol.com.pl\/#primaryimage","url":"https:\/\/shipchandler.pol.com.pl\/wp-content\/uploads\/2023\/05\/kulaziemska3.jpg","contentUrl":"https:\/\/shipchandler.pol.com.pl\/wp-content\/uploads\/2023\/05\/kulaziemska3.jpg","width":800,"height":600},{"@type":"BreadcrumbList","@id":"https:\/\/shipchandler.pol.com.pl\/#breadcrumb","itemListElement":[{"@type":"ListItem","position":1,"name":"Home","item":"https:\/\/shipchandler.pol.com.pl\/"},{"@type":"ListItem","position":2,"name":"WITAJ!"}]},{"@type":"WebSite","@id":"https:\/\/shipchandler.pol.com.pl\/#website","url":"https:\/\/shipchandler.pol.com.pl\/","name":"POL-Supply Shipchandler","description":"TW\u00d3J DOSTAWCA ZAOPATRZENIA NA STATKI","publisher":{"@id":"https:\/\/shipchandler.pol.com.pl\/#organization"},"potentialAction":[{"@type":"SearchAction","target":{"@type":"EntryPoint","urlTemplate":"https:\/\/shipchandler.pol.com.pl\/?s={search_term_string}"},"query-input":{"@type":"PropertyValueSpecification","valueRequired":true,"valueName":"search_term_string"}}],"inLanguage":"pl-PL"},{"@type":"Organization","@id":"https:\/\/shipchandler.pol.com.pl\/#organization","name":"POL-Supply Shipchandler","url":"https:\/\/shipchandler.pol.com.pl\/","logo":{"@type":"ImageObject","inLanguage":"pl-PL","@id":"https:\/\/shipchandler.pol.com.pl\/#\/schema\/logo\/image\/","url":"https:\/\/shipchandler.pol.com.pl\/wp-content\/uploads\/2023\/05\/cropped-logo-bez-tla.png","contentUrl":"https:\/\/shipchandler.pol.com.pl\/wp-content\/uploads\/2023\/05\/cropped-logo-bez-tla.png","width":122,"height":250,"caption":"POL-Supply Shipchandler"},"image":{"@id":"https:\/\/shipchandler.pol.com.pl\/#\/schema\/logo\/image\/"}}]}},"_links":{"self":[{"href":"https:\/\/shipchandler.pol.com.pl\/index.php?rest_route=\/wp\/v2\/pages\/22","targetHints":{"allow":["GET"]}}],"collection":[{"href":"https:\/\/shipchandler.pol.com.pl\/index.php?rest_route=\/wp\/v2\/pages"}],"about":[{"href":"https:\/\/shipchandler.pol.com.pl\/index.php?rest_route=\/wp\/v2\/types\/page"}],"author":[{"embeddable":true,"href":"https:\/\/shipchandler.pol.com.pl\/index.php?rest_route=\/wp\/v2\/users\/2"}],"replies":[{"embeddable":true,"href":"https:\/\/shipchandler.pol.com.pl\/index.php?rest_route=%2Fwp%2Fv2%2Fcomments&post=22"}],"version-history":[{"count":4,"href":"https:\/\/shipchandler.pol.com.pl\/index.php?rest_route=\/wp\/v2\/pages\/22\/revisions"}],"predecessor-version":[{"id":164,"href":"https:\/\/shipchandler.pol.com.pl\/index.php?rest_route=\/wp\/v2\/pages\/22\/revisions\/164"}],"wp:featuredmedia":[{"embeddable":true,"href":"https:\/\/shipchandler.pol.com.pl\/index.php?rest_route=\/wp\/v2\/media\/152"}],"wp:attachment":[{"href":"https:\/\/shipchandler.pol.com.pl\/index.php?rest_route=%2Fwp%2Fv2%2Fmedia&parent=22"}],"curies":[{"name":"wp","href":"https:\/\/api.w.org\/{rel}","templated":true}]}}