{"id":23,"date":"2023-04-25T11:03:42","date_gmt":"2023-04-25T09:03:42","guid":{"rendered":"http:\/\/shipchandler.pol.com.pl\/?page_id=23"},"modified":"2024-01-18T09:38:53","modified_gmt":"2024-01-18T08:38:53","slug":"informacje","status":"publish","type":"page","link":"https:\/\/shipchandler.pol.com.pl\/?page_id=23","title":{"rendered":"OFERTA"},"content":{"rendered":"\n<p>O dostawach na statki wiemy prawie wszystko. Posiadamy kilkadziesi\u0105t lat do\u015bwiadczenia i szereg odbiorc\u00f3w, kt\u00f3rzy bez wahania wracaj\u0105 do nas. Wsp\u00f3\u0142pracujemy tylko z wyselekcjonowanymi dostawcami i producentami. Ch\u0119tnie wspieramy nasz\u0105 rodzim\u0105 produkcj\u0119, ale zaspokoimy nawet najbardziej wyszukane potrzeby kuchni \u015bwiatowej. <\/p>\n\n\n\n<p>Wierzymy, \u017ce kluczem do sukcesu jest wysoka specjalizacja. Nasza opiera si\u0119 na znajomo\u015bci gust\u00f3w odbiorc\u00f3w oraz na wieloletnich relacjach. Dostarczamy prowiant najwy\u017cszej jako\u015bci i nie uznajemy kompromis\u00f3w.   <\/p>\n\n\n<div class=\"wp-block-image is-resized\">\n<figure class=\"aligncenter size-full\"><img loading=\"lazy\" decoding=\"async\" width=\"512\" height=\"373\" src=\"http:\/\/shipchandler.pol.com.pl\/wp-content\/uploads\/2023\/05\/zakupy.jpg\" alt=\"\" class=\"wp-image-175\" srcset=\"https:\/\/shipchandler.pol.com.pl\/wp-content\/uploads\/2023\/05\/zakupy.jpg 512w, https:\/\/shipchandler.pol.com.pl\/wp-content\/uploads\/2023\/05\/zakupy-300x219.jpg 300w\" sizes=\"auto, (max-width: 512px) 100vw, 512px\" \/><\/figure>\n<\/div>\n\n\n<h2 class=\"wp-block-heading has-text-align-left\">NASZ ZESP\u00d3\u0141<\/h2>\n\n\n\n<p class=\"has-text-align-left\">Nasza praca przypomina troch\u0119 dobrego krawca, gdzie ubi\u00f3r jest szyty na miar\u0119. To co robimy traktujemy jak misj\u0119, a ofert\u0119 podobnie jak krawiec garnitur, przygotowujemy pod k\u0105tem klienta. Pozostajemy w sta\u0142ym kontakcie z zamawiaj\u0105cym i jest naszym celem zapewni\u0107 na statku zapas prowiantu na nawet najd\u0142u\u017cszy rejs.<\/p>\n\n\n<div class=\"wp-block-image is-resized\">\n<figure class=\"aligncenter size-full\"><img loading=\"lazy\" decoding=\"async\" width=\"600\" height=\"326\" src=\"http:\/\/shipchandler.pol.com.pl\/wp-content\/uploads\/2023\/05\/shipchandlerka.jpg\" alt=\"\" class=\"wp-image-83\" srcset=\"https:\/\/shipchandler.pol.com.pl\/wp-content\/uploads\/2023\/05\/shipchandlerka.jpg 600w, https:\/\/shipchandler.pol.com.pl\/wp-content\/uploads\/2023\/05\/shipchandlerka-300x163.jpg 300w\" sizes=\"auto, (max-width: 600px) 100vw, 600px\" \/><\/figure>\n<\/div>\n\n\n<h2 class=\"wp-block-heading\">KUCHNIE \u015aWIATA<\/h2>\n\n\n\n<p>Mamy \u015bwiadomo\u015b\u0107, \u017ce za\u0142ogi na statkach pochodz\u0105 z r\u00f3\u017cnych stron \u015bwiata i reprezentuj\u0105 r\u00f3\u017cne preferencje kuchenne. Dlatego w naszej ofercie znajdziecie najbardziej wyszukane pozycje, aby podczas d\u0142ugiego rejsu cho\u0107 przez chwil\u0105 poczu\u0107 si\u0119 jak w domu.<\/p>\n\n\n<div class=\"wp-block-image is-resized\">\n<figure class=\"aligncenter size-full\"><img loading=\"lazy\" decoding=\"async\" width=\"720\" height=\"405\" src=\"http:\/\/shipchandler.pol.com.pl\/wp-content\/uploads\/2023\/05\/Biala-Lodowka-ELECTRO-LINE-BC-50A-48-7cm-Funkcje-oswietlenie-LED.jpg\" alt=\"\" class=\"wp-image-190\" srcset=\"https:\/\/shipchandler.pol.com.pl\/wp-content\/uploads\/2023\/05\/Biala-Lodowka-ELECTRO-LINE-BC-50A-48-7cm-Funkcje-oswietlenie-LED.jpg 720w, https:\/\/shipchandler.pol.com.pl\/wp-content\/uploads\/2023\/05\/Biala-Lodowka-ELECTRO-LINE-BC-50A-48-7cm-Funkcje-oswietlenie-LED-300x169.jpg 300w\" sizes=\"auto, (max-width: 720px) 100vw, 720px\" \/><\/figure>\n<\/div>\n\n\n<h2 class=\"wp-block-heading\">NIE TYLKO PROWIANT<\/h2>\n\n\n\n<p>Potrzebujesz uzupe\u0142ni\u0107 wyposa\u017cenie techniczne? Nowa lod\u00f3wka, a mo\u017ce \u015brodki czysto\u015bci? Pomo\u017cemy! <a href=\"mailto: catering@pol.com.pl\">N<\/a><a href=\"mailto:catering@pol.com.pl\">apisz do nas<\/a> czego potrzebujesz, a reszt\u0105 si\u0119 zajmiemy.<\/p>\n\n\n\n<p>Dodatkowo nasz odzia\u0142 w Szczecinie specjalizuje si\u0119 w dostawach zaawansowanego  wyposa\u017cenia technicznego. <a href=\"mailto:szczecin@pol.com.pl\">Skontaktuj si\u0119 z naszymi doradcami.<\/a><\/p>\n","protected":false},"excerpt":{"rendered":"<p>O dostawach na statki wiemy prawie wszystko. Posiadamy kilkadziesi\u0105t lat do\u015bwiadczenia i szereg odbiorc\u00f3w, kt\u00f3rzy bez wahania wracaj\u0105 do nas. Wsp\u00f3\u0142pracujemy tylko z wyselekcjonowanymi dostawcami i producentami. Ch\u0119tnie wspieramy nasz\u0105 rodzim\u0105 produkcj\u0119, ale zaspokoimy nawet najbardziej wyszukane potrzeby kuchni \u015bwiatowej. Wierzymy, \u017ce kluczem do sukcesu jest wysoka specjalizacja. Nasza opiera si\u0119 na znajomo\u015bci gust\u00f3w odbiorc\u00f3w &hellip; <\/p>\n<p class=\"link-more\"><a href=\"https:\/\/shipchandler.pol.com.pl\/?page_id=23\" class=\"more-link\">Czytaj dalej<span class=\"screen-reader-text\"> \u201eOFERTA\u201d<\/span><\/a><\/p>\n","protected":false},"author":2,"featured_media":0,"parent":0,"menu_order":0,"comment_status":"closed","ping_status":"closed","template":"","meta":{"footnotes":""},"class_list":["post-23","page","type-page","status-publish","hentry"],"yoast_head":"<!-- This site is optimized with the Yoast SEO plugin v27.3 - https:\/\/yoast.com\/product\/yoast-seo-wordpress\/ -->\n<title>OFERTA - POL-Supply Shipchandler<\/title>\n<meta name=\"robots\" content=\"index, follow, max-snippet:-1, max-image-preview:large, max-video-preview:-1\" \/>\n<link rel=\"canonical\" href=\"https:\/\/shipchandler.pol.com.pl\/?page_id=23\" \/>\n<meta property=\"og:locale\" content=\"pl_PL\" \/>\n<meta property=\"og:type\" content=\"article\" \/>\n<meta property=\"og:title\" content=\"OFERTA - POL-Supply Shipchandler\" \/>\n<meta property=\"og:description\" content=\"O dostawach na statki wiemy prawie wszystko. Posiadamy kilkadziesi\u0105t lat do\u015bwiadczenia i szereg odbiorc\u00f3w, kt\u00f3rzy bez wahania wracaj\u0105 do nas. Wsp\u00f3\u0142pracujemy tylko z wyselekcjonowanymi dostawcami i producentami. Ch\u0119tnie wspieramy nasz\u0105 rodzim\u0105 produkcj\u0119, ale zaspokoimy nawet najbardziej wyszukane potrzeby kuchni \u015bwiatowej. Wierzymy, \u017ce kluczem do sukcesu jest wysoka specjalizacja. Nasza opiera si\u0119 na znajomo\u015bci gust\u00f3w odbiorc\u00f3w &hellip; Czytaj dalej \u201eOFERTA\u201d\" \/>\n<meta property=\"og:url\" content=\"https:\/\/shipchandler.pol.com.pl\/?page_id=23\" \/>\n<meta property=\"og:site_name\" content=\"POL-Supply Shipchandler\" \/>\n<meta property=\"article:modified_time\" content=\"2024-01-18T08:38:53+00:00\" \/>\n<meta property=\"og:image\" content=\"http:\/\/shipchandler.pol.com.pl\/wp-content\/uploads\/2023\/05\/zakupy.jpg\" \/>\n<meta name=\"twitter:card\" content=\"summary_large_image\" \/>\n<meta name=\"twitter:label1\" content=\"Szacowany czas czytania\" \/>\n\t<meta name=\"twitter:data1\" content=\"2 minuty\" \/>\n<script type=\"application\/ld+json\" class=\"yoast-schema-graph\">{\"@context\":\"https:\\\/\\\/schema.org\",\"@graph\":[{\"@type\":\"WebPage\",\"@id\":\"https:\\\/\\\/shipchandler.pol.com.pl\\\/?page_id=23\",\"url\":\"https:\\\/\\\/shipchandler.pol.com.pl\\\/?page_id=23\",\"name\":\"OFERTA - POL-Supply Shipchandler\",\"isPartOf\":{\"@id\":\"https:\\\/\\\/shipchandler.pol.com.pl\\\/#website\"},\"primaryImageOfPage\":{\"@id\":\"https:\\\/\\\/shipchandler.pol.com.pl\\\/?page_id=23#primaryimage\"},\"image\":{\"@id\":\"https:\\\/\\\/shipchandler.pol.com.pl\\\/?page_id=23#primaryimage\"},\"thumbnailUrl\":\"http:\\\/\\\/shipchandler.pol.com.pl\\\/wp-content\\\/uploads\\\/2023\\\/05\\\/zakupy.jpg\",\"datePublished\":\"2023-04-25T09:03:42+00:00\",\"dateModified\":\"2024-01-18T08:38:53+00:00\",\"breadcrumb\":{\"@id\":\"https:\\\/\\\/shipchandler.pol.com.pl\\\/?page_id=23#breadcrumb\"},\"inLanguage\":\"pl-PL\",\"potentialAction\":[{\"@type\":\"ReadAction\",\"target\":[\"https:\\\/\\\/shipchandler.pol.com.pl\\\/?page_id=23\"]}]},{\"@type\":\"ImageObject\",\"inLanguage\":\"pl-PL\",\"@id\":\"https:\\\/\\\/shipchandler.pol.com.pl\\\/?page_id=23#primaryimage\",\"url\":\"https:\\\/\\\/shipchandler.pol.com.pl\\\/wp-content\\\/uploads\\\/2023\\\/05\\\/zakupy.jpg\",\"contentUrl\":\"https:\\\/\\\/shipchandler.pol.com.pl\\\/wp-content\\\/uploads\\\/2023\\\/05\\\/zakupy.jpg\",\"width\":512,\"height\":373},{\"@type\":\"BreadcrumbList\",\"@id\":\"https:\\\/\\\/shipchandler.pol.com.pl\\\/?page_id=23#breadcrumb\",\"itemListElement\":[{\"@type\":\"ListItem\",\"position\":1,\"name\":\"Home\",\"item\":\"https:\\\/\\\/shipchandler.pol.com.pl\\\/\"},{\"@type\":\"ListItem\",\"position\":2,\"name\":\"OFERTA\"}]},{\"@type\":\"WebSite\",\"@id\":\"https:\\\/\\\/shipchandler.pol.com.pl\\\/#website\",\"url\":\"https:\\\/\\\/shipchandler.pol.com.pl\\\/\",\"name\":\"POL-Supply Shipchandler\",\"description\":\"TW\u00d3J DOSTAWCA ZAOPATRZENIA NA STATKI\",\"publisher\":{\"@id\":\"https:\\\/\\\/shipchandler.pol.com.pl\\\/#organization\"},\"potentialAction\":[{\"@type\":\"SearchAction\",\"target\":{\"@type\":\"EntryPoint\",\"urlTemplate\":\"https:\\\/\\\/shipchandler.pol.com.pl\\\/?s={search_term_string}\"},\"query-input\":{\"@type\":\"PropertyValueSpecification\",\"valueRequired\":true,\"valueName\":\"search_term_string\"}}],\"inLanguage\":\"pl-PL\"},{\"@type\":\"Organization\",\"@id\":\"https:\\\/\\\/shipchandler.pol.com.pl\\\/#organization\",\"name\":\"POL-Supply Shipchandler\",\"url\":\"https:\\\/\\\/shipchandler.pol.com.pl\\\/\",\"logo\":{\"@type\":\"ImageObject\",\"inLanguage\":\"pl-PL\",\"@id\":\"https:\\\/\\\/shipchandler.pol.com.pl\\\/#\\\/schema\\\/logo\\\/image\\\/\",\"url\":\"https:\\\/\\\/shipchandler.pol.com.pl\\\/wp-content\\\/uploads\\\/2023\\\/05\\\/cropped-logo-bez-tla.png\",\"contentUrl\":\"https:\\\/\\\/shipchandler.pol.com.pl\\\/wp-content\\\/uploads\\\/2023\\\/05\\\/cropped-logo-bez-tla.png\",\"width\":122,\"height\":250,\"caption\":\"POL-Supply Shipchandler\"},\"image\":{\"@id\":\"https:\\\/\\\/shipchandler.pol.com.pl\\\/#\\\/schema\\\/logo\\\/image\\\/\"}}]}<\/script>\n<!-- \/ Yoast SEO plugin. -->","yoast_head_json":{"title":"OFERTA - POL-Supply Shipchandler","robots":{"index":"index","follow":"follow","max-snippet":"max-snippet:-1","max-image-preview":"max-image-preview:large","max-video-preview":"max-video-preview:-1"},"canonical":"https:\/\/shipchandler.pol.com.pl\/?page_id=23","og_locale":"pl_PL","og_type":"article","og_title":"OFERTA - POL-Supply Shipchandler","og_description":"O dostawach na statki wiemy prawie wszystko. Posiadamy kilkadziesi\u0105t lat do\u015bwiadczenia i szereg odbiorc\u00f3w, kt\u00f3rzy bez wahania wracaj\u0105 do nas. Wsp\u00f3\u0142pracujemy tylko z wyselekcjonowanymi dostawcami i producentami. Ch\u0119tnie wspieramy nasz\u0105 rodzim\u0105 produkcj\u0119, ale zaspokoimy nawet najbardziej wyszukane potrzeby kuchni \u015bwiatowej. Wierzymy, \u017ce kluczem do sukcesu jest wysoka specjalizacja. Nasza opiera si\u0119 na znajomo\u015bci gust\u00f3w odbiorc\u00f3w &hellip; Czytaj dalej \u201eOFERTA\u201d","og_url":"https:\/\/shipchandler.pol.com.pl\/?page_id=23","og_site_name":"POL-Supply Shipchandler","article_modified_time":"2024-01-18T08:38:53+00:00","og_image":[{"url":"http:\/\/shipchandler.pol.com.pl\/wp-content\/uploads\/2023\/05\/zakupy.jpg","type":"","width":"","height":""}],"twitter_card":"summary_large_image","twitter_misc":{"Szacowany czas czytania":"2 minuty"},"schema":{"@context":"https:\/\/schema.org","@graph":[{"@type":"WebPage","@id":"https:\/\/shipchandler.pol.com.pl\/?page_id=23","url":"https:\/\/shipchandler.pol.com.pl\/?page_id=23","name":"OFERTA - POL-Supply Shipchandler","isPartOf":{"@id":"https:\/\/shipchandler.pol.com.pl\/#website"},"primaryImageOfPage":{"@id":"https:\/\/shipchandler.pol.com.pl\/?page_id=23#primaryimage"},"image":{"@id":"https:\/\/shipchandler.pol.com.pl\/?page_id=23#primaryimage"},"thumbnailUrl":"http:\/\/shipchandler.pol.com.pl\/wp-content\/uploads\/2023\/05\/zakupy.jpg","datePublished":"2023-04-25T09:03:42+00:00","dateModified":"2024-01-18T08:38:53+00:00","breadcrumb":{"@id":"https:\/\/shipchandler.pol.com.pl\/?page_id=23#breadcrumb"},"inLanguage":"pl-PL","potentialAction":[{"@type":"ReadAction","target":["https:\/\/shipchandler.pol.com.pl\/?page_id=23"]}]},{"@type":"ImageObject","inLanguage":"pl-PL","@id":"https:\/\/shipchandler.pol.com.pl\/?page_id=23#primaryimage","url":"https:\/\/shipchandler.pol.com.pl\/wp-content\/uploads\/2023\/05\/zakupy.jpg","contentUrl":"https:\/\/shipchandler.pol.com.pl\/wp-content\/uploads\/2023\/05\/zakupy.jpg","width":512,"height":373},{"@type":"BreadcrumbList","@id":"https:\/\/shipchandler.pol.com.pl\/?page_id=23#breadcrumb","itemListElement":[{"@type":"ListItem","position":1,"name":"Home","item":"https:\/\/shipchandler.pol.com.pl\/"},{"@type":"ListItem","position":2,"name":"OFERTA"}]},{"@type":"WebSite","@id":"https:\/\/shipchandler.pol.com.pl\/#website","url":"https:\/\/shipchandler.pol.com.pl\/","name":"POL-Supply Shipchandler","description":"TW\u00d3J DOSTAWCA ZAOPATRZENIA NA STATKI","publisher":{"@id":"https:\/\/shipchandler.pol.com.pl\/#organization"},"potentialAction":[{"@type":"SearchAction","target":{"@type":"EntryPoint","urlTemplate":"https:\/\/shipchandler.pol.com.pl\/?s={search_term_string}"},"query-input":{"@type":"PropertyValueSpecification","valueRequired":true,"valueName":"search_term_string"}}],"inLanguage":"pl-PL"},{"@type":"Organization","@id":"https:\/\/shipchandler.pol.com.pl\/#organization","name":"POL-Supply Shipchandler","url":"https:\/\/shipchandler.pol.com.pl\/","logo":{"@type":"ImageObject","inLanguage":"pl-PL","@id":"https:\/\/shipchandler.pol.com.pl\/#\/schema\/logo\/image\/","url":"https:\/\/shipchandler.pol.com.pl\/wp-content\/uploads\/2023\/05\/cropped-logo-bez-tla.png","contentUrl":"https:\/\/shipchandler.pol.com.pl\/wp-content\/uploads\/2023\/05\/cropped-logo-bez-tla.png","width":122,"height":250,"caption":"POL-Supply Shipchandler"},"image":{"@id":"https:\/\/shipchandler.pol.com.pl\/#\/schema\/logo\/image\/"}}]}},"_links":{"self":[{"href":"https:\/\/shipchandler.pol.com.pl\/index.php?rest_route=\/wp\/v2\/pages\/23","targetHints":{"allow":["GET"]}}],"collection":[{"href":"https:\/\/shipchandler.pol.com.pl\/index.php?rest_route=\/wp\/v2\/pages"}],"about":[{"href":"https:\/\/shipchandler.pol.com.pl\/index.php?rest_route=\/wp\/v2\/types\/page"}],"author":[{"embeddable":true,"href":"https:\/\/shipchandler.pol.com.pl\/index.php?rest_route=\/wp\/v2\/users\/2"}],"replies":[{"embeddable":true,"href":"https:\/\/shipchandler.pol.com.pl\/index.php?rest_route=%2Fwp%2Fv2%2Fcomments&post=23"}],"version-history":[{"count":18,"href":"https:\/\/shipchandler.pol.com.pl\/index.php?rest_route=\/wp\/v2\/pages\/23\/revisions"}],"predecessor-version":[{"id":312,"href":"https:\/\/shipchandler.pol.com.pl\/index.php?rest_route=\/wp\/v2\/pages\/23\/revisions\/312"}],"wp:attachment":[{"href":"https:\/\/shipchandler.pol.com.pl\/index.php?rest_route=%2Fwp%2Fv2%2Fmedia&parent=23"}],"curies":[{"name":"wp","href":"https:\/\/api.w.org\/{rel}","templated":true}]}}