{"id":26,"date":"2023-04-25T11:03:42","date_gmt":"2023-04-25T09:03:42","guid":{"rendered":"http:\/\/shipchandler.pol.com.pl\/?page_id=26"},"modified":"2023-12-05T16:43:53","modified_gmt":"2023-12-05T15:43:53","slug":"sekcja-strony-glownej","status":"publish","type":"page","link":"https:\/\/shipchandler.pol.com.pl\/?page_id=26","title":{"rendered":"JAKO\u015a\u0106 I BEZPIECZE\u0143STWO"},"content":{"rendered":"\n<hr class=\"wp-block-separator has-alpha-channel-opacity\"\/>\n\n\n\n<h1 class=\"wp-block-heading\" style=\"font-size:22px\"><strong>BO JAKO\u015a\u0106 I BEZPIECZE\u0143STWO S\u0104 DLA NAS NAJWA\u017bNIEJSZE<\/strong><\/h1>\n\n\n\n<div class=\"wp-block-columns is-layout-flex wp-container-core-columns-is-layout-9d6595d7 wp-block-columns-is-layout-flex\">\n<div class=\"wp-block-column is-layout-flow wp-block-column-is-layout-flow\" style=\"flex-basis:50%\">\n<h2 class=\"wp-block-heading\">Pracujemy w oparciu o System Zarz\u0105dzania Bezpiecze\u0144stwem \u017bywno\u015bci.<\/h2>\n\n\n\n<p>Posiadamy wdro\u017cony system zarz\u0105dzania bezpiecze\u0144stwem \u017cywno\u015bci <strong>ISO 22000:2018<\/strong>. Dzi\u0119ki temu nasi odbiorcy maj\u0105 pewno\u015b\u0107, \u017ce na drodze producent-statek do\u0142o\u017cono wszelkich stara\u0144, aby \u017cywno\u015b\u0107 by\u0142a najwy\u017cszej jako\u015bci i zawsze \u015bwie\u017ca. <\/p>\n<\/div>\n\n\n\n<div class=\"wp-block-column is-layout-flow wp-block-column-is-layout-flow\" style=\"flex-basis:50%\">\n<figure class=\"wp-block-image size-large is-resized\"><img loading=\"lazy\" decoding=\"async\" width=\"834\" height=\"1024\" src=\"https:\/\/shipchandler.pol.com.pl\/wp-content\/uploads\/2023\/12\/ISO-22000_PIHZ-2-834x1024.jpg\" alt=\"\" class=\"wp-image-305\" style=\"width:283px;height:auto\" srcset=\"https:\/\/shipchandler.pol.com.pl\/wp-content\/uploads\/2023\/12\/ISO-22000_PIHZ-2-834x1024.jpg 834w, https:\/\/shipchandler.pol.com.pl\/wp-content\/uploads\/2023\/12\/ISO-22000_PIHZ-2-244x300.jpg 244w, https:\/\/shipchandler.pol.com.pl\/wp-content\/uploads\/2023\/12\/ISO-22000_PIHZ-2-768x943.jpg 768w, https:\/\/shipchandler.pol.com.pl\/wp-content\/uploads\/2023\/12\/ISO-22000_PIHZ-2-1251x1536.jpg 1251w, https:\/\/shipchandler.pol.com.pl\/wp-content\/uploads\/2023\/12\/ISO-22000_PIHZ-2.jpg 1433w\" sizes=\"auto, (max-width: 767px) 89vw, (max-width: 1000px) 54vw, (max-width: 1071px) 543px, 580px\" \/><\/figure>\n<\/div>\n<\/div>\n\n\n\n<p><a href=\"http:\/\/shipchandler.pol.com.pl\/?page_id=139\">Zapoznaj si\u0119 z nasz\u0105 Polityk\u0105 Bezpiecze\u0144stwa \u017bywno\u015bci<\/a><\/p>\n","protected":false},"excerpt":{"rendered":"<p>BO JAKO\u015a\u0106 I BEZPIECZE\u0143STWO S\u0104 DLA NAS NAJWA\u017bNIEJSZE Pracujemy w oparciu o System Zarz\u0105dzania Bezpiecze\u0144stwem \u017bywno\u015bci. Posiadamy wdro\u017cony system zarz\u0105dzania bezpiecze\u0144stwem \u017cywno\u015bci ISO 22000:2018. Dzi\u0119ki temu nasi odbiorcy maj\u0105 pewno\u015b\u0107, \u017ce na drodze producent-statek do\u0142o\u017cono wszelkich stara\u0144, aby \u017cywno\u015b\u0107 by\u0142a najwy\u017cszej jako\u015bci i zawsze \u015bwie\u017ca. Zapoznaj si\u0119 z nasz\u0105 Polityk\u0105 Bezpiecze\u0144stwa \u017bywno\u015bci<\/p>\n","protected":false},"author":2,"featured_media":0,"parent":0,"menu_order":0,"comment_status":"closed","ping_status":"closed","template":"","meta":{"footnotes":""},"class_list":["post-26","page","type-page","status-publish","hentry"],"yoast_head":"<!-- This site is optimized with the Yoast SEO plugin v27.5 - https:\/\/yoast.com\/product\/yoast-seo-wordpress\/ -->\n<title>JAKO\u015a\u0106 I BEZPIECZE\u0143STWO - POL-Supply Shipchandler<\/title>\n<meta name=\"robots\" content=\"index, follow, max-snippet:-1, max-image-preview:large, max-video-preview:-1\" \/>\n<link rel=\"canonical\" href=\"https:\/\/shipchandler.pol.com.pl\/?page_id=26\" \/>\n<meta property=\"og:locale\" content=\"pl_PL\" \/>\n<meta property=\"og:type\" content=\"article\" \/>\n<meta property=\"og:title\" content=\"JAKO\u015a\u0106 I BEZPIECZE\u0143STWO - POL-Supply Shipchandler\" \/>\n<meta property=\"og:description\" content=\"BO JAKO\u015a\u0106 I BEZPIECZE\u0143STWO S\u0104 DLA NAS NAJWA\u017bNIEJSZE Pracujemy w oparciu o System Zarz\u0105dzania Bezpiecze\u0144stwem \u017bywno\u015bci. Posiadamy wdro\u017cony system zarz\u0105dzania bezpiecze\u0144stwem \u017cywno\u015bci ISO 22000:2018. Dzi\u0119ki temu nasi odbiorcy maj\u0105 pewno\u015b\u0107, \u017ce na drodze producent-statek do\u0142o\u017cono wszelkich stara\u0144, aby \u017cywno\u015b\u0107 by\u0142a najwy\u017cszej jako\u015bci i zawsze \u015bwie\u017ca. Zapoznaj si\u0119 z nasz\u0105 Polityk\u0105 Bezpiecze\u0144stwa \u017bywno\u015bci\" \/>\n<meta property=\"og:url\" content=\"https:\/\/shipchandler.pol.com.pl\/?page_id=26\" \/>\n<meta property=\"og:site_name\" content=\"POL-Supply Shipchandler\" \/>\n<meta property=\"article:modified_time\" content=\"2023-12-05T15:43:53+00:00\" \/>\n<meta property=\"og:image\" content=\"https:\/\/shipchandler.pol.com.pl\/wp-content\/uploads\/2023\/12\/ISO-22000_PIHZ-2-834x1024.jpg\" \/>\n<meta name=\"twitter:card\" content=\"summary_large_image\" \/>\n<meta name=\"twitter:label1\" content=\"Szacowany czas czytania\" \/>\n\t<meta name=\"twitter:data1\" content=\"1 minuta\" \/>\n<script type=\"application\/ld+json\" class=\"yoast-schema-graph\">{\"@context\":\"https:\\\/\\\/schema.org\",\"@graph\":[{\"@type\":\"WebPage\",\"@id\":\"https:\\\/\\\/shipchandler.pol.com.pl\\\/?page_id=26\",\"url\":\"https:\\\/\\\/shipchandler.pol.com.pl\\\/?page_id=26\",\"name\":\"JAKO\u015a\u0106 I BEZPIECZE\u0143STWO - POL-Supply Shipchandler\",\"isPartOf\":{\"@id\":\"https:\\\/\\\/shipchandler.pol.com.pl\\\/#website\"},\"primaryImageOfPage\":{\"@id\":\"https:\\\/\\\/shipchandler.pol.com.pl\\\/?page_id=26#primaryimage\"},\"image\":{\"@id\":\"https:\\\/\\\/shipchandler.pol.com.pl\\\/?page_id=26#primaryimage\"},\"thumbnailUrl\":\"https:\\\/\\\/shipchandler.pol.com.pl\\\/wp-content\\\/uploads\\\/2023\\\/12\\\/ISO-22000_PIHZ-2-834x1024.jpg\",\"datePublished\":\"2023-04-25T09:03:42+00:00\",\"dateModified\":\"2023-12-05T15:43:53+00:00\",\"breadcrumb\":{\"@id\":\"https:\\\/\\\/shipchandler.pol.com.pl\\\/?page_id=26#breadcrumb\"},\"inLanguage\":\"pl-PL\",\"potentialAction\":[{\"@type\":\"ReadAction\",\"target\":[\"https:\\\/\\\/shipchandler.pol.com.pl\\\/?page_id=26\"]}]},{\"@type\":\"ImageObject\",\"inLanguage\":\"pl-PL\",\"@id\":\"https:\\\/\\\/shipchandler.pol.com.pl\\\/?page_id=26#primaryimage\",\"url\":\"https:\\\/\\\/shipchandler.pol.com.pl\\\/wp-content\\\/uploads\\\/2023\\\/12\\\/ISO-22000_PIHZ-2.jpg\",\"contentUrl\":\"https:\\\/\\\/shipchandler.pol.com.pl\\\/wp-content\\\/uploads\\\/2023\\\/12\\\/ISO-22000_PIHZ-2.jpg\",\"width\":1433,\"height\":1759},{\"@type\":\"BreadcrumbList\",\"@id\":\"https:\\\/\\\/shipchandler.pol.com.pl\\\/?page_id=26#breadcrumb\",\"itemListElement\":[{\"@type\":\"ListItem\",\"position\":1,\"name\":\"Home\",\"item\":\"https:\\\/\\\/shipchandler.pol.com.pl\\\/\"},{\"@type\":\"ListItem\",\"position\":2,\"name\":\"JAKO\u015a\u0106 I BEZPIECZE\u0143STWO\"}]},{\"@type\":\"WebSite\",\"@id\":\"https:\\\/\\\/shipchandler.pol.com.pl\\\/#website\",\"url\":\"https:\\\/\\\/shipchandler.pol.com.pl\\\/\",\"name\":\"POL-Supply Shipchandler\",\"description\":\"TW\u00d3J DOSTAWCA ZAOPATRZENIA NA STATKI\",\"publisher\":{\"@id\":\"https:\\\/\\\/shipchandler.pol.com.pl\\\/#organization\"},\"potentialAction\":[{\"@type\":\"SearchAction\",\"target\":{\"@type\":\"EntryPoint\",\"urlTemplate\":\"https:\\\/\\\/shipchandler.pol.com.pl\\\/?s={search_term_string}\"},\"query-input\":{\"@type\":\"PropertyValueSpecification\",\"valueRequired\":true,\"valueName\":\"search_term_string\"}}],\"inLanguage\":\"pl-PL\"},{\"@type\":\"Organization\",\"@id\":\"https:\\\/\\\/shipchandler.pol.com.pl\\\/#organization\",\"name\":\"POL-Supply Shipchandler\",\"url\":\"https:\\\/\\\/shipchandler.pol.com.pl\\\/\",\"logo\":{\"@type\":\"ImageObject\",\"inLanguage\":\"pl-PL\",\"@id\":\"https:\\\/\\\/shipchandler.pol.com.pl\\\/#\\\/schema\\\/logo\\\/image\\\/\",\"url\":\"https:\\\/\\\/shipchandler.pol.com.pl\\\/wp-content\\\/uploads\\\/2023\\\/05\\\/cropped-logo-bez-tla.png\",\"contentUrl\":\"https:\\\/\\\/shipchandler.pol.com.pl\\\/wp-content\\\/uploads\\\/2023\\\/05\\\/cropped-logo-bez-tla.png\",\"width\":122,\"height\":250,\"caption\":\"POL-Supply Shipchandler\"},\"image\":{\"@id\":\"https:\\\/\\\/shipchandler.pol.com.pl\\\/#\\\/schema\\\/logo\\\/image\\\/\"}}]}<\/script>\n<!-- \/ Yoast SEO plugin. -->","yoast_head_json":{"title":"JAKO\u015a\u0106 I BEZPIECZE\u0143STWO - POL-Supply Shipchandler","robots":{"index":"index","follow":"follow","max-snippet":"max-snippet:-1","max-image-preview":"max-image-preview:large","max-video-preview":"max-video-preview:-1"},"canonical":"https:\/\/shipchandler.pol.com.pl\/?page_id=26","og_locale":"pl_PL","og_type":"article","og_title":"JAKO\u015a\u0106 I BEZPIECZE\u0143STWO - POL-Supply Shipchandler","og_description":"BO JAKO\u015a\u0106 I BEZPIECZE\u0143STWO S\u0104 DLA NAS NAJWA\u017bNIEJSZE Pracujemy w oparciu o System Zarz\u0105dzania Bezpiecze\u0144stwem \u017bywno\u015bci. Posiadamy wdro\u017cony system zarz\u0105dzania bezpiecze\u0144stwem \u017cywno\u015bci ISO 22000:2018. Dzi\u0119ki temu nasi odbiorcy maj\u0105 pewno\u015b\u0107, \u017ce na drodze producent-statek do\u0142o\u017cono wszelkich stara\u0144, aby \u017cywno\u015b\u0107 by\u0142a najwy\u017cszej jako\u015bci i zawsze \u015bwie\u017ca. Zapoznaj si\u0119 z nasz\u0105 Polityk\u0105 Bezpiecze\u0144stwa \u017bywno\u015bci","og_url":"https:\/\/shipchandler.pol.com.pl\/?page_id=26","og_site_name":"POL-Supply Shipchandler","article_modified_time":"2023-12-05T15:43:53+00:00","og_image":[{"url":"https:\/\/shipchandler.pol.com.pl\/wp-content\/uploads\/2023\/12\/ISO-22000_PIHZ-2-834x1024.jpg","type":"","width":"","height":""}],"twitter_card":"summary_large_image","twitter_misc":{"Szacowany czas czytania":"1 minuta"},"schema":{"@context":"https:\/\/schema.org","@graph":[{"@type":"WebPage","@id":"https:\/\/shipchandler.pol.com.pl\/?page_id=26","url":"https:\/\/shipchandler.pol.com.pl\/?page_id=26","name":"JAKO\u015a\u0106 I BEZPIECZE\u0143STWO - POL-Supply Shipchandler","isPartOf":{"@id":"https:\/\/shipchandler.pol.com.pl\/#website"},"primaryImageOfPage":{"@id":"https:\/\/shipchandler.pol.com.pl\/?page_id=26#primaryimage"},"image":{"@id":"https:\/\/shipchandler.pol.com.pl\/?page_id=26#primaryimage"},"thumbnailUrl":"https:\/\/shipchandler.pol.com.pl\/wp-content\/uploads\/2023\/12\/ISO-22000_PIHZ-2-834x1024.jpg","datePublished":"2023-04-25T09:03:42+00:00","dateModified":"2023-12-05T15:43:53+00:00","breadcrumb":{"@id":"https:\/\/shipchandler.pol.com.pl\/?page_id=26#breadcrumb"},"inLanguage":"pl-PL","potentialAction":[{"@type":"ReadAction","target":["https:\/\/shipchandler.pol.com.pl\/?page_id=26"]}]},{"@type":"ImageObject","inLanguage":"pl-PL","@id":"https:\/\/shipchandler.pol.com.pl\/?page_id=26#primaryimage","url":"https:\/\/shipchandler.pol.com.pl\/wp-content\/uploads\/2023\/12\/ISO-22000_PIHZ-2.jpg","contentUrl":"https:\/\/shipchandler.pol.com.pl\/wp-content\/uploads\/2023\/12\/ISO-22000_PIHZ-2.jpg","width":1433,"height":1759},{"@type":"BreadcrumbList","@id":"https:\/\/shipchandler.pol.com.pl\/?page_id=26#breadcrumb","itemListElement":[{"@type":"ListItem","position":1,"name":"Home","item":"https:\/\/shipchandler.pol.com.pl\/"},{"@type":"ListItem","position":2,"name":"JAKO\u015a\u0106 I BEZPIECZE\u0143STWO"}]},{"@type":"WebSite","@id":"https:\/\/shipchandler.pol.com.pl\/#website","url":"https:\/\/shipchandler.pol.com.pl\/","name":"POL-Supply Shipchandler","description":"TW\u00d3J DOSTAWCA ZAOPATRZENIA NA STATKI","publisher":{"@id":"https:\/\/shipchandler.pol.com.pl\/#organization"},"potentialAction":[{"@type":"SearchAction","target":{"@type":"EntryPoint","urlTemplate":"https:\/\/shipchandler.pol.com.pl\/?s={search_term_string}"},"query-input":{"@type":"PropertyValueSpecification","valueRequired":true,"valueName":"search_term_string"}}],"inLanguage":"pl-PL"},{"@type":"Organization","@id":"https:\/\/shipchandler.pol.com.pl\/#organization","name":"POL-Supply Shipchandler","url":"https:\/\/shipchandler.pol.com.pl\/","logo":{"@type":"ImageObject","inLanguage":"pl-PL","@id":"https:\/\/shipchandler.pol.com.pl\/#\/schema\/logo\/image\/","url":"https:\/\/shipchandler.pol.com.pl\/wp-content\/uploads\/2023\/05\/cropped-logo-bez-tla.png","contentUrl":"https:\/\/shipchandler.pol.com.pl\/wp-content\/uploads\/2023\/05\/cropped-logo-bez-tla.png","width":122,"height":250,"caption":"POL-Supply Shipchandler"},"image":{"@id":"https:\/\/shipchandler.pol.com.pl\/#\/schema\/logo\/image\/"}}]}},"_links":{"self":[{"href":"https:\/\/shipchandler.pol.com.pl\/index.php?rest_route=\/wp\/v2\/pages\/26","targetHints":{"allow":["GET"]}}],"collection":[{"href":"https:\/\/shipchandler.pol.com.pl\/index.php?rest_route=\/wp\/v2\/pages"}],"about":[{"href":"https:\/\/shipchandler.pol.com.pl\/index.php?rest_route=\/wp\/v2\/types\/page"}],"author":[{"embeddable":true,"href":"https:\/\/shipchandler.pol.com.pl\/index.php?rest_route=\/wp\/v2\/users\/2"}],"replies":[{"embeddable":true,"href":"https:\/\/shipchandler.pol.com.pl\/index.php?rest_route=%2Fwp%2Fv2%2Fcomments&post=26"}],"version-history":[{"count":17,"href":"https:\/\/shipchandler.pol.com.pl\/index.php?rest_route=\/wp\/v2\/pages\/26\/revisions"}],"predecessor-version":[{"id":306,"href":"https:\/\/shipchandler.pol.com.pl\/index.php?rest_route=\/wp\/v2\/pages\/26\/revisions\/306"}],"wp:attachment":[{"href":"https:\/\/shipchandler.pol.com.pl\/index.php?rest_route=%2Fwp%2Fv2%2Fmedia&parent=26"}],"curies":[{"name":"wp","href":"https:\/\/api.w.org\/{rel}","templated":true}]}}